{"id":83,"date":"2014-11-03T14:37:06","date_gmt":"2014-11-03T13:37:06","guid":{"rendered":"https:\/\/www.childrenfestival.it\/?page_id=83"},"modified":"2022-10-27T10:53:56","modified_gmt":"2022-10-27T08:53:56","slug":"format","status":"publish","type":"page","link":"https:\/\/childrenfestival.fondazionemalagutti.it\/?page_id=83","title":{"rendered":"Format"},"content":{"rendered":"[spb_parallax parallax_type=&#8221;image&#8221; bg_image=&#8221;2000&#8243; bg_type=&#8221;cover&#8221; parallax_video_height=&#8221;video-height&#8221; parallax_video_overlay=&#8221;none&#8221; parallax_image_height=&#8221;content-height&#8221; parallax_image_movement=&#8221;fixed&#8221; parallax_image_speed=&#8221;0.5&#8243; padding_horizontal=&#8221;15&#8243; alt_background=&#8221;none&#8221; el_class=&#8221;mt0 mb0&#8243; width=&#8221;1\/1&#8243; el_position=&#8221;first last&#8221;]\n<h1 style=\"text-align: center;\">IL FORMAT<\/h1>\n<p style=\"text-align: center;\"><div class=\"horizontal-break\"> <\/div>\n[\/spb_parallax] [fullwidth_text alt_background=&#8221;alt-four&#8221; el_class=&#8221;mb0 mt0&#8243; width=&#8221;1\/1&#8243; el_position=&#8221;first last&#8221;]\n<h1 style=\"text-align: center;\"><em>&#8216;Il Festival sar\u00e0 la voce dei bambini&#8217;<\/em><\/h1>\n<h2 style=\"text-align: center;\">Cos&#8217;\u00e8\u00a0<span style=\"color: #ea2a2a;\">International<\/span> <span style=\"color: #067dc6;\">Children&#8217;s<\/span> <span style=\"color: #26bc26;\">Rights<\/span> <span style=\"color: #f48547;\">Festival<\/span>?<\/h2>\n<div class=\"horizontal-break\"> <\/div>\n<h3 style=\"text-align: center;\">Ecco quali sono gli obiettivi<\/h3>\n<article style=\"text-align: center;\">International Children\u2019s Rights Festival nasce dalla speranza di giungere a garantire i diritti fondamentali a tutti i bambini del mondo.<br \/>\nL\u2019iniziativa, prima e unica al mondo nel suo genere, \u00e8 frutto dell\u2019esperienza di Fondazione Malagutti onlus, accumulata in anni di assistenza diretta a bambini maltrattati, abusati, abbandonati e torturati, e dall\u2019impegno di tanti educatori<br \/>\nche hanno lavorato nelle comunit\u00e0 di accoglienza.<\/article>\n[\/fullwidth_text] [spb_row wrap_type=&#8221;content-width&#8221; row_bg_type=&#8221;image&#8221; row_bg_color=&#8221;#fffcde&#8221; bg_type=&#8221;cover&#8221; parallax_image_height=&#8221;content-height&#8221; parallax_image_movement=&#8221;scroll&#8221; parallax_image_speed=&#8221;0.5&#8243; parallax_video_height=&#8221;video-height&#8221; parallax_video_overlay=&#8221;none&#8221; row_overlay_opacity=&#8221;0&#8243; row_padding_vertical=&#8221;0&#8243; row_margin_vertical=&#8221;0&#8243; remove_element_spacing=&#8221;no&#8221; row_el_class=&#8221;mt0 mb0&#8243; width=&#8221;1\/1&#8243; el_position=&#8221;first last&#8221;] [blank_spacer height=&#8221;40px&#8221; width=&#8221;1\/1&#8243; el_position=&#8221;first last&#8221;] [spb_icon_box box_type=&#8221;standard&#8221; character=&#8221;1&#8243; color=&#8221;icon-one&#8221; target=&#8221;_self&#8221; animation=&#8221;none&#8221; animation_delay=&#8221;0&#8243; width=&#8221;1\/3&#8243; el_position=&#8221;first&#8221;]\n<article style=\"text-align: center;\"><em>Creare maggiore <b>coinvolgimento<\/b> degli adulti, delle Amministrazioni e della Scuola, per fare fronte comune contro le carenze generate da <b>disparit\u00e0 sociali<\/b>, sfruttamenti ambientali e umani, mancate occasioni di sviluppo.<\/em><\/article>\n[\/spb_icon_box] [spb_icon_box box_type=&#8221;standard&#8221; character=&#8221;2&#8243; color=&#8221;icon-two&#8221; target=&#8221;_self&#8221; animation=&#8221;none&#8221; animation_delay=&#8221;0&#8243; width=&#8221;1\/3&#8243;]\n<article style=\"text-align: center;\"><em>Promuovere un modello di <b>globalizzazione<\/b> che non appiattisca le culture, riservando benefici solo a chi detiene il potere, ma che combatta la fame e affermi <b>valori<\/b> fondamentali come la salute e l\u2019istruzione.<\/em><\/article>\n[\/spb_icon_box] [spb_icon_box box_type=&#8221;standard&#8221; character=&#8221;3&#8243; color=&#8221;icon-three&#8221; target=&#8221;_self&#8221; animation=&#8221;none&#8221; animation_delay=&#8221;0&#8243; width=&#8221;1\/3&#8243; el_position=&#8221;last&#8221;]\n<article style=\"text-align: center;\"><em>Dare voce a <b>Paesi<\/b> considerati poveri<br \/>\nper il reddito pro capite, che per ambire allo <b>sviluppo<\/b> devono soggiacere a logiche di <b>depauperamento<\/b> del territorio, inquinamento,<br \/>\nsfruttamento.<\/em><\/article>\n[\/spb_icon_box] [blank_spacer height=&#8221;40px&#8221; width=&#8221;1\/1&#8243; el_position=&#8221;first last&#8221;] [\/spb_row] [spb_parallax parallax_type=&#8221;image&#8221; bg_image=&#8221;2054&#8243; bg_type=&#8221;cover&#8221; parallax_video_height=&#8221;video-height&#8221; parallax_video_overlay=&#8221;none&#8221; parallax_image_height=&#8221;content-height&#8221; parallax_image_movement=&#8221;fixed&#8221; parallax_image_speed=&#8221;0.5&#8243; padding_horizontal=&#8221;15&#8243; alt_background=&#8221;none&#8221; el_class=&#8221;mb0 mt0&#8243; width=&#8221;1\/1&#8243; el_position=&#8221;first last&#8221;]\n<h2 style=\"text-align: center;\">IL FESTIVAL\u00a0\u00c8<\/h2>\n[\/spb_parallax] [fullwidth_text alt_background=&#8221;alt-four&#8221; el_class=&#8221;mt0 mb0&#8243; width=&#8221;1\/1&#8243; el_position=&#8221;first last&#8221;]\n<h3 style=\"text-align: center;\">La formula per una festa memorabile<\/h3>\n<article style=\"text-align: center;\">International Children\u2019s Rights Festival e\u0300 un format che prevede un festival annuale itinerante, dedicato alla Convenzione Internazionale sui Diritti dell\u2019Infanzia, per offrire a bambini, ragazzi, docenti, professionisti, educatori e genitori un\u2019occasione unica di gioco, riflessione, studio, spettacolo e scambio culturale.<\/article>\n[\/fullwidth_text] [spb_row wrap_type=&#8221;content-width&#8221; row_bg_type=&#8221;image&#8221; row_bg_color=&#8221;#ebfff3&#8243; bg_type=&#8221;cover&#8221; parallax_image_height=&#8221;content-height&#8221; parallax_image_movement=&#8221;fixed&#8221; parallax_image_speed=&#8221;0.5&#8243; parallax_video_height=&#8221;video-height&#8221; parallax_video_overlay=&#8221;none&#8221; row_overlay_opacity=&#8221;0&#8243; row_padding_vertical=&#8221;0&#8243; row_margin_vertical=&#8221;0&#8243; remove_element_spacing=&#8221;no&#8221; row_el_class=&#8221;mt0 mb0&#8243; width=&#8221;1\/1&#8243; el_position=&#8221;first last&#8221;] [blank_spacer height=&#8221;60px&#8221; el_class=&#8221;mt0&#8243; width=&#8221;1\/1&#8243; el_position=&#8221;first last&#8221;] [spb_icon_box title=&#8221;AZIONE&#8221; box_type=&#8221;standard&#8221; image=&#8221;fa-flag-o&#8221; color=&#8221;standard&#8221; target=&#8221;_self&#8221; animation=&#8221;none&#8221; animation_delay=&#8221;0&#8243; width=&#8221;1\/4&#8243; el_position=&#8221;first&#8221;]\n<article>Per aprire il confronto e rafforzare l\u2019impegno a ricordare, diffondere e applicare gli articoli della Convenzione, per tutelare e migliorare la vita delle nuove generazioni.<\/article>\n[\/spb_icon_box] [spb_icon_box title=&#8221;GLOBALIT\u00c0&#8221; box_type=&#8221;standard&#8221; image=&#8221;fa-globe&#8221; color=&#8221;standard&#8221; target=&#8221;_self&#8221; animation=&#8221;none&#8221; animation_delay=&#8221;0&#8243; width=&#8221;1\/4&#8243;]\n<article>Per vivere del contributo di tutti gli Stati partner in una logica di confronto, condivisione, scambio e scoperta culturale, oltre le barriere della diffidenza e della differenza.<\/article>\n[\/spb_icon_box] [spb_icon_box title=&#8221;CREATIVIT\u00c0&#8221; box_type=&#8221;standard&#8221; image=&#8221;ss-pizzapie&#8221; color=&#8221;standard&#8221; target=&#8221;_self&#8221; animation=&#8221;none&#8221; animation_delay=&#8221;0&#8243; width=&#8221;1\/4&#8243;]\n<article>Per dare voce ai bambini e alla loro fantasia, affinch\u00e9 esprimano liberamente i loro bisogni attraverso qualunque tecnica artistica, stimolati da numerosi atelier e spettacoli.<\/article>\n[\/spb_icon_box] [spb_icon_box title=&#8221;CULTURA&#8221; box_type=&#8221;standard&#8221; image=&#8221;ss-bookmark&#8221; color=&#8221;standard&#8221; target=&#8221;_self&#8221; animation=&#8221;none&#8221; animation_delay=&#8221;0&#8243; width=&#8221;1\/4&#8243; el_position=&#8221;last&#8221;]\n<article>Scoprire, conoscere e frequentare i luoghi\u00a0di interesse\u00a0delle citt\u00e0 coinvolte, cos\u00ec come le bellezze naturali, i cibi, il folclore e le tradizioni della nazione ospitante.<\/article>\n[\/spb_icon_box] [blank_spacer height=&#8221;60px&#8221; el_class=&#8221;mt0&#8243; width=&#8221;1\/1&#8243; el_position=&#8221;first last&#8221;] [spb_icon_box title=&#8221;ATTUALIT\u00c0&#8221; box_type=&#8221;standard&#8221; image=&#8221;fa-bullhorn&#8221; color=&#8221;standard&#8221; target=&#8221;_self&#8221; animation=&#8221;none&#8221; animation_delay=&#8221;0&#8243; width=&#8221;1\/4&#8243; el_position=&#8221;first&#8221;]\n<article>Per accendere i riflettori su tematiche dimenticate dalla cronaca, su emergenze sociali legati a bambini e famiglia, sulle azioni dei Governi per i Diritti.<\/article>\n[\/spb_icon_box] [spb_icon_box title=&#8221;GIOCO&#8221; box_type=&#8221;standard&#8221; image=&#8221;fa-dribbble&#8221; color=&#8221;standard&#8221; target=&#8221;_self&#8221; animation=&#8221;none&#8221; animation_delay=&#8221;0&#8243; width=&#8221;1\/4&#8243;]\n<article>Per sperimentare citt\u00e0 a misura di bambino, dove vie e piazze accolgano i pi\u00f9 piccoli con nuova vitalit\u00e0, attraverso laboratori didattici, giochi, personaggi di fiabe e musiche.<\/article>\n[\/spb_icon_box] [spb_icon_box title=&#8221;FAMIGLIA&#8221; box_type=&#8221;standard&#8221; image=&#8221;fa-users&#8221; color=&#8221;standard&#8221; target=&#8221;_self&#8221; animation=&#8221;none&#8221; animation_delay=&#8221;0&#8243; width=&#8221;1\/4&#8243;]\n<article>Per favorire momenti di condivisione importanti tra\u00a0genitori e figli, ma anche opportunit\u00e0 di approfondimento\u00a0e\u00a0gioco in\u00a0condivisione con\u00a0docenti, educatori e professionisti.<\/article>\n[\/spb_icon_box] [spb_icon_box title=&#8221;COOPERAZIONE&#8221; box_type=&#8221;standard&#8221; image=&#8221;ss-users&#8221; color=&#8221;standard&#8221; target=&#8221;_self&#8221; animation=&#8221;none&#8221; animation_delay=&#8221;0&#8243; width=&#8221;1\/4&#8243; el_position=&#8221;last&#8221;]\n<article>Per costruire nuovi relazioni, partecipazioni e sperimentazioni, attraverso la presenza di esperti del settore, volontari o appassionati che operano per i Diritti dei bambini.<\/article>\n[\/spb_icon_box] [blank_spacer height=&#8221;40px&#8221; width=&#8221;1\/1&#8243; el_position=&#8221;first last&#8221;] [\/spb_row] [testimonial_slider title=&#8221;#pensiamoaibambini&#8221; text_size=&#8221;large&#8221; item_count=&#8221;20&#8243; order=&#8221;rand&#8221; category=&#8221;All&#8221; autoplay=&#8221;yes&#8221; alt_background=&#8221;alt-two&#8221; el_class=&#8221;mt0 mb0&#8243; width=&#8221;1\/1&#8243; el_position=&#8221;first last&#8221;] [spb_row wrap_type=&#8221;content-width&#8221; row_bg_type=&#8221;image&#8221; row_bg_color=&#8221;#f3ffd6&#8243; bg_type=&#8221;cover&#8221; parallax_image_height=&#8221;content-height&#8221; parallax_image_movement=&#8221;fixed&#8221; parallax_image_speed=&#8221;0.5&#8243; parallax_video_height=&#8221;video-height&#8221; parallax_video_overlay=&#8221;none&#8221; row_overlay_opacity=&#8221;0&#8243; row_padding_vertical=&#8221;0&#8243; row_margin_vertical=&#8221;0&#8243; remove_element_spacing=&#8221;no&#8221; row_el_class=&#8221;mt0 mb0&#8243; width=&#8221;1\/1&#8243; el_position=&#8221;first last&#8221;] [blank_spacer height=&#8221;40px&#8221; width=&#8221;1\/1&#8243; el_position=&#8221;first last&#8221;] [spb_text_block pb_margin_bottom=&#8221;no&#8221; pb_border_bottom=&#8221;no&#8221; width=&#8221;1\/1&#8243; el_position=&#8221;first last&#8221;]\n<h1 style=\"text-align: center;\">Partners 2015<\/h1>\n<p style=\"text-align: center;\"><div class=\"horizontal-break\"> <\/div>\n[\/spb_text_block] [clients item_count=&#8221;12&#8243; category=&#8221;partner&#8221; carousel=&#8221;yes&#8221; carousel_auto=&#8221;yes&#8221; pagination=&#8221;no&#8221; width=&#8221;1\/1&#8243; el_position=&#8221;first last&#8221;] [blank_spacer height=&#8221;30px&#8221; width=&#8221;1\/1&#8243; el_position=&#8221;first last&#8221;] [\/spb_row]\n","protected":false},"excerpt":{"rendered":"<p>[spb_parallax parallax_type=&#8221;image&#8221; bg_image=&#8221;2000&#8243; bg_type=&#8221;cover&#8221; parallax_video_height=&#8221;video-height&#8221; parallax_video_overlay=&#8221;none&#8221; parallax_image_height=&#8221;content-height&#8221; parallax_image_movement=&#8221;fixed&#8221; parallax_image_speed=&#8221;0.5&#8243; padding_horizontal=&#8221;15&#8243; alt_background=&#8221;none&#8221; el_class=&#8221;mt0 mb0&#8243; width=&#8221;1\/1&#8243; el_position=&#8221;first last&#8221;] IL FORMAT [\/spb_parallax] [fullwidth_text alt_background=&#8221;alt-four&#8221; el_class=&#8221;mb0 mt0&#8243; width=&#8221;1\/1&#8243; el_position=&#8221;first last&#8221;] &#8216;Il Festival sar\u00e0 la voce dei bambini&#8217; Cos&#8217;\u00e8\u00a0International Children&#8217;s Rights Festival? Ecco quali sono gli obiettivi International Children\u2019s Rights Festival nasce dalla speranza di giungere a garantire i diritti fondamentali a tutti i bambini [&hellip;]<\/p>\n","protected":false},"author":5,"featured_media":0,"parent":0,"menu_order":0,"comment_status":"closed","ping_status":"closed","template":"","meta":{"footnotes":""},"class_list":["post-83","page","type-page","status-publish","hentry"],"yoast_head":"<!-- This site is optimized with the Yoast SEO plugin v24.9 - https:\/\/yoast.com\/wordpress\/plugins\/seo\/ -->\r\n<title>Format - International Children&#039;s Rights Festival<\/title>\r\n<meta name=\"robots\" content=\"index, follow, max-snippet:-1, max-image-preview:large, max-video-preview:-1\" \/>\r\n<link rel=\"canonical\" href=\"https:\/\/childrenfestival.fondazionemalagutti.it\/?page_id=83\" \/>\r\n<meta property=\"og:locale\" content=\"it_IT\" \/>\r\n<meta property=\"og:type\" content=\"article\" \/>\r\n<meta property=\"og:title\" content=\"Format - International Children&#039;s Rights Festival\" \/>\r\n<meta property=\"og:description\" content=\"[spb_parallax parallax_type=&#8221;image&#8221; bg_image=&#8221;2000&#8243; bg_type=&#8221;cover&#8221; parallax_video_height=&#8221;video-height&#8221; parallax_video_overlay=&#8221;none&#8221; parallax_image_height=&#8221;content-height&#8221; parallax_image_movement=&#8221;fixed&#8221; parallax_image_speed=&#8221;0.5&#8243; padding_horizontal=&#8221;15&#8243; alt_background=&#8221;none&#8221; el_class=&#8221;mt0 mb0&#8243; width=&#8221;1\/1&#8243; el_position=&#8221;first last&#8221;] IL FORMAT [\/spb_parallax] [fullwidth_text alt_background=&#8221;alt-four&#8221; el_class=&#8221;mb0 mt0&#8243; width=&#8221;1\/1&#8243; el_position=&#8221;first last&#8221;] &#8216;Il Festival sar\u00e0 la voce dei bambini&#8217; Cos&#8217;\u00e8\u00a0International Children&#8217;s Rights Festival? Ecco quali sono gli obiettivi International Children\u2019s Rights Festival nasce dalla speranza di giungere a garantire i diritti fondamentali a tutti i bambini [&hellip;]\" \/>\r\n<meta property=\"og:url\" content=\"https:\/\/childrenfestival.fondazionemalagutti.it\/?page_id=83\" \/>\r\n<meta property=\"og:site_name\" content=\"International Children&#039;s Rights Festival\" \/>\r\n<meta property=\"article:publisher\" content=\"https:\/\/www.facebook.com\/internationalchildrenfestival\" \/>\r\n<meta property=\"article:modified_time\" content=\"2022-10-27T08:53:56+00:00\" \/>\r\n<meta property=\"og:image\" content=\"https:\/\/childrenfestival.fondazionemalagutti.it\/wp-content\/uploads\/2014\/11\/Children-Festival-FB.png\" \/>\r\n\t<meta property=\"og:image:width\" content=\"1200\" \/>\r\n\t<meta property=\"og:image:height\" content=\"627\" \/>\r\n\t<meta property=\"og:image:type\" content=\"image\/png\" \/>\r\n<meta name=\"twitter:card\" content=\"summary_large_image\" \/>\r\n<meta name=\"twitter:site\" content=\"@childrenfest15\" \/>\r\n<meta name=\"twitter:label1\" content=\"Tempo di lettura stimato\" \/>\n\t<meta name=\"twitter:data1\" content=\"6 minuti\" \/>\r\n<script type=\"application\/ld+json\" class=\"yoast-schema-graph\">{\"@context\":\"https:\/\/schema.org\",\"@graph\":[{\"@type\":\"WebPage\",\"@id\":\"https:\/\/childrenfestival.fondazionemalagutti.it\/?page_id=83\",\"url\":\"https:\/\/childrenfestival.fondazionemalagutti.it\/?page_id=83\",\"name\":\"Format - International Children&#039;s Rights Festival\",\"isPartOf\":{\"@id\":\"https:\/\/childrenfestival.fondazionemalagutti.it\/#website\"},\"datePublished\":\"2014-11-03T13:37:06+00:00\",\"dateModified\":\"2022-10-27T08:53:56+00:00\",\"breadcrumb\":{\"@id\":\"https:\/\/childrenfestival.fondazionemalagutti.it\/?page_id=83#breadcrumb\"},\"inLanguage\":\"it-IT\",\"potentialAction\":[{\"@type\":\"ReadAction\",\"target\":[\"https:\/\/childrenfestival.fondazionemalagutti.it\/?page_id=83\"]}]},{\"@type\":\"BreadcrumbList\",\"@id\":\"https:\/\/childrenfestival.fondazionemalagutti.it\/?page_id=83#breadcrumb\",\"itemListElement\":[{\"@type\":\"ListItem\",\"position\":1,\"name\":\"Home\",\"item\":\"https:\/\/childrenfestival.fondazionemalagutti.it\/\"},{\"@type\":\"ListItem\",\"position\":2,\"name\":\"Format\"}]},{\"@type\":\"WebSite\",\"@id\":\"https:\/\/childrenfestival.fondazionemalagutti.it\/#website\",\"url\":\"https:\/\/childrenfestival.fondazionemalagutti.it\/\",\"name\":\"International Children&#039;s Rights Festival\",\"description\":\"#pensiamoaibambini\",\"publisher\":{\"@id\":\"https:\/\/childrenfestival.fondazionemalagutti.it\/#organization\"},\"potentialAction\":[{\"@type\":\"SearchAction\",\"target\":{\"@type\":\"EntryPoint\",\"urlTemplate\":\"https:\/\/childrenfestival.fondazionemalagutti.it\/?s={search_term_string}\"},\"query-input\":{\"@type\":\"PropertyValueSpecification\",\"valueRequired\":true,\"valueName\":\"search_term_string\"}}],\"inLanguage\":\"it-IT\"},{\"@type\":\"Organization\",\"@id\":\"https:\/\/childrenfestival.fondazionemalagutti.it\/#organization\",\"name\":\"International Children's Rights Festival\",\"url\":\"https:\/\/childrenfestival.fondazionemalagutti.it\/\",\"logo\":{\"@type\":\"ImageObject\",\"inLanguage\":\"it-IT\",\"@id\":\"https:\/\/childrenfestival.fondazionemalagutti.it\/#\/schema\/logo\/image\/\",\"url\":\"https:\/\/childrenfestival.fondazionemalagutti.it\/wp-content\/uploads\/2014\/11\/Children-Festival-FB.png\",\"contentUrl\":\"https:\/\/childrenfestival.fondazionemalagutti.it\/wp-content\/uploads\/2014\/11\/Children-Festival-FB.png\",\"width\":1200,\"height\":627,\"caption\":\"International Children's Rights Festival\"},\"image\":{\"@id\":\"https:\/\/childrenfestival.fondazionemalagutti.it\/#\/schema\/logo\/image\/\"},\"sameAs\":[\"https:\/\/www.facebook.com\/internationalchildrenfestival\",\"https:\/\/x.com\/childrenfest15\",\"https:\/\/www.youtube.com\/channel\/UC3_B9BxFvNSysyDCY2hCRog\"]}]}<\/script>\r\n<!-- \/ Yoast SEO plugin. -->","yoast_head_json":{"title":"Format - International Children&#039;s Rights Festival","robots":{"index":"index","follow":"follow","max-snippet":"max-snippet:-1","max-image-preview":"max-image-preview:large","max-video-preview":"max-video-preview:-1"},"canonical":"https:\/\/childrenfestival.fondazionemalagutti.it\/?page_id=83","og_locale":"it_IT","og_type":"article","og_title":"Format - International Children&#039;s Rights Festival","og_description":"[spb_parallax parallax_type=&#8221;image&#8221; bg_image=&#8221;2000&#8243; bg_type=&#8221;cover&#8221; parallax_video_height=&#8221;video-height&#8221; parallax_video_overlay=&#8221;none&#8221; parallax_image_height=&#8221;content-height&#8221; parallax_image_movement=&#8221;fixed&#8221; parallax_image_speed=&#8221;0.5&#8243; padding_horizontal=&#8221;15&#8243; alt_background=&#8221;none&#8221; el_class=&#8221;mt0 mb0&#8243; width=&#8221;1\/1&#8243; el_position=&#8221;first last&#8221;] IL FORMAT [\/spb_parallax] [fullwidth_text alt_background=&#8221;alt-four&#8221; el_class=&#8221;mb0 mt0&#8243; width=&#8221;1\/1&#8243; el_position=&#8221;first last&#8221;] &#8216;Il Festival sar\u00e0 la voce dei bambini&#8217; Cos&#8217;\u00e8\u00a0International Children&#8217;s Rights Festival? Ecco quali sono gli obiettivi International Children\u2019s Rights Festival nasce dalla speranza di giungere a garantire i diritti fondamentali a tutti i bambini [&hellip;]","og_url":"https:\/\/childrenfestival.fondazionemalagutti.it\/?page_id=83","og_site_name":"International Children&#039;s Rights Festival","article_publisher":"https:\/\/www.facebook.com\/internationalchildrenfestival","article_modified_time":"2022-10-27T08:53:56+00:00","og_image":[{"width":1200,"height":627,"url":"https:\/\/childrenfestival.fondazionemalagutti.it\/wp-content\/uploads\/2014\/11\/Children-Festival-FB.png","type":"image\/png"}],"twitter_card":"summary_large_image","twitter_site":"@childrenfest15","twitter_misc":{"Tempo di lettura stimato":"6 minuti"},"schema":{"@context":"https:\/\/schema.org","@graph":[{"@type":"WebPage","@id":"https:\/\/childrenfestival.fondazionemalagutti.it\/?page_id=83","url":"https:\/\/childrenfestival.fondazionemalagutti.it\/?page_id=83","name":"Format - International Children&#039;s Rights Festival","isPartOf":{"@id":"https:\/\/childrenfestival.fondazionemalagutti.it\/#website"},"datePublished":"2014-11-03T13:37:06+00:00","dateModified":"2022-10-27T08:53:56+00:00","breadcrumb":{"@id":"https:\/\/childrenfestival.fondazionemalagutti.it\/?page_id=83#breadcrumb"},"inLanguage":"it-IT","potentialAction":[{"@type":"ReadAction","target":["https:\/\/childrenfestival.fondazionemalagutti.it\/?page_id=83"]}]},{"@type":"BreadcrumbList","@id":"https:\/\/childrenfestival.fondazionemalagutti.it\/?page_id=83#breadcrumb","itemListElement":[{"@type":"ListItem","position":1,"name":"Home","item":"https:\/\/childrenfestival.fondazionemalagutti.it\/"},{"@type":"ListItem","position":2,"name":"Format"}]},{"@type":"WebSite","@id":"https:\/\/childrenfestival.fondazionemalagutti.it\/#website","url":"https:\/\/childrenfestival.fondazionemalagutti.it\/","name":"International Children&#039;s Rights Festival","description":"#pensiamoaibambini","publisher":{"@id":"https:\/\/childrenfestival.fondazionemalagutti.it\/#organization"},"potentialAction":[{"@type":"SearchAction","target":{"@type":"EntryPoint","urlTemplate":"https:\/\/childrenfestival.fondazionemalagutti.it\/?s={search_term_string}"},"query-input":{"@type":"PropertyValueSpecification","valueRequired":true,"valueName":"search_term_string"}}],"inLanguage":"it-IT"},{"@type":"Organization","@id":"https:\/\/childrenfestival.fondazionemalagutti.it\/#organization","name":"International Children's Rights Festival","url":"https:\/\/childrenfestival.fondazionemalagutti.it\/","logo":{"@type":"ImageObject","inLanguage":"it-IT","@id":"https:\/\/childrenfestival.fondazionemalagutti.it\/#\/schema\/logo\/image\/","url":"https:\/\/childrenfestival.fondazionemalagutti.it\/wp-content\/uploads\/2014\/11\/Children-Festival-FB.png","contentUrl":"https:\/\/childrenfestival.fondazionemalagutti.it\/wp-content\/uploads\/2014\/11\/Children-Festival-FB.png","width":1200,"height":627,"caption":"International Children's Rights Festival"},"image":{"@id":"https:\/\/childrenfestival.fondazionemalagutti.it\/#\/schema\/logo\/image\/"},"sameAs":["https:\/\/www.facebook.com\/internationalchildrenfestival","https:\/\/x.com\/childrenfest15","https:\/\/www.youtube.com\/channel\/UC3_B9BxFvNSysyDCY2hCRog"]}]}},"_links":{"self":[{"href":"https:\/\/childrenfestival.fondazionemalagutti.it\/index.php?rest_route=\/wp\/v2\/pages\/83","targetHints":{"allow":["GET"]}}],"collection":[{"href":"https:\/\/childrenfestival.fondazionemalagutti.it\/index.php?rest_route=\/wp\/v2\/pages"}],"about":[{"href":"https:\/\/childrenfestival.fondazionemalagutti.it\/index.php?rest_route=\/wp\/v2\/types\/page"}],"author":[{"embeddable":true,"href":"https:\/\/childrenfestival.fondazionemalagutti.it\/index.php?rest_route=\/wp\/v2\/users\/5"}],"replies":[{"embeddable":true,"href":"https:\/\/childrenfestival.fondazionemalagutti.it\/index.php?rest_route=%2Fwp%2Fv2%2Fcomments&post=83"}],"version-history":[{"count":95,"href":"https:\/\/childrenfestival.fondazionemalagutti.it\/index.php?rest_route=\/wp\/v2\/pages\/83\/revisions"}],"predecessor-version":[{"id":6237,"href":"https:\/\/childrenfestival.fondazionemalagutti.it\/index.php?rest_route=\/wp\/v2\/pages\/83\/revisions\/6237"}],"wp:attachment":[{"href":"https:\/\/childrenfestival.fondazionemalagutti.it\/index.php?rest_route=%2Fwp%2Fv2%2Fmedia&parent=83"}],"curies":[{"name":"wp","href":"https:\/\/api.w.org\/{rel}","templated":true}]}}