{"id":784,"date":"2015-01-13T15:55:55","date_gmt":"2015-01-13T14:55:55","guid":{"rendered":"https:\/\/www.childrenfestival.it\/?page_id=784"},"modified":"2022-10-27T10:53:53","modified_gmt":"2022-10-27T08:53:53","slug":"volontari","status":"publish","type":"page","link":"https:\/\/childrenfestival.fondazionemalagutti.it\/?page_id=784","title":{"rendered":"VOLONTARI"},"content":{"rendered":"[spb_parallax parallax_type=&#8221;image&#8221; bg_image=&#8221;2000&#8243; bg_type=&#8221;cover&#8221; parallax_video_height=&#8221;video-height&#8221; parallax_video_overlay=&#8221;none&#8221; parallax_image_height=&#8221;content-height&#8221; parallax_image_movement=&#8221;fixed&#8221; parallax_image_speed=&#8221;0.5&#8243; padding_horizontal=&#8221;15&#8243; alt_background=&#8221;none&#8221; el_class=&#8221;mb0 mt0&#8243; width=&#8221;1\/1&#8243; el_position=&#8221;first last&#8221;]\n<h1 style=\"text-align: center;\">I VOLONTARI<\/h1>\n<p style=\"text-align: center;\"><div class=\"horizontal-break\"> <\/div>\n[\/spb_parallax] [fullwidth_text alt_background=&#8221;alt-four&#8221; el_class=&#8221;mt0 mb20px&#8221; width=&#8221;1\/1&#8243; el_position=&#8221;first last&#8221;]\n<h1 style=\"text-align: center;\"><em>&#8216;I volontari saranno\u00a0l&#8217;anima del Festival&#8217;<\/em><\/h1>\n<h2 style=\"text-align: center;\">Vuoi far parte dello staff di\u00a0<span style=\"color: #ea2a2a;\">International<\/span> <span style=\"color: #067dc6;\">Children&#8217;s<\/span> <span style=\"color: #26bc26;\">Rights<\/span> <span style=\"color: #f48547;\">Festival<\/span>?<\/h2>\n<div class=\"horizontal-break\"> <\/div>\n<h3 style=\"text-align: center;\">Ecco alcune informazioni utili<\/h3>\n<article style=\"text-align: center;\">Pazienza, affidabilit\u00e0, puntualit\u00e0 e spirito di squadra saranno le doti necessarie per svolgere al meglio questo servizio!<br \/>\nImpegno e disponibilit\u00e0 richieste varieranno a\u00a0seconda\u00a0del ruolo\u00a0selezionato, e saranno\u00a0\u00a0comunicati in modo specifico ad ogni volontario. Per aderire, \u00e8 necessario\u00a0\u00a0inviare la propria richiesta\u00a0compilando l&#8217;apposito form.<\/article>\n[\/fullwidth_text] [spb_row wrap_type=&#8221;content-width&#8221; row_bg_type=&#8221;image&#8221; row_bg_color=&#8221;#fffcde&#8221; bg_type=&#8221;cover&#8221; parallax_image_height=&#8221;content-height&#8221; parallax_image_movement=&#8221;fixed&#8221; parallax_image_speed=&#8221;0.5&#8243; parallax_video_height=&#8221;video-height&#8221; parallax_video_overlay=&#8221;none&#8221; row_overlay_opacity=&#8221;0&#8243; row_padding_vertical=&#8221;0&#8243; row_margin_vertical=&#8221;0&#8243; remove_element_spacing=&#8221;no&#8221; width=&#8221;1\/1&#8243; el_position=&#8221;first last&#8221;] [blank_spacer height=&#8221;60px&#8221; width=&#8221;1\/1&#8243; el_position=&#8221;first last&#8221;] [spb_icon_box title=&#8221;Assicurazione&#8221; box_type=&#8221;standard&#8221; image=&#8221;ss-umbrella&#8221; color=&#8221;icon-two&#8221; target=&#8221;_self&#8221; animation=&#8221;none&#8221; animation_delay=&#8221;0&#8243; width=&#8221;1\/4&#8243; el_position=&#8221;first&#8221;]\n<article style=\"text-align: center;\">Per tutta la durata\u00a0del loro\u00a0impegno,\u00a0i volontari del Festival saranno\u00a0coperti e tutelati da\u00a0un&#8217;apposita polizza assicurativa.<\/article>\n[\/spb_icon_box] [spb_icon_box title=&#8221;Alloggio&#8221; box_type=&#8221;standard&#8221; image=&#8221;ss-home&#8221; color=&#8221;icon-one&#8221; target=&#8221;_self&#8221; animation=&#8221;none&#8221; animation_delay=&#8221;0&#8243; width=&#8221;1\/4&#8243;]\n<article style=\"text-align: center;\">L\u2019ospitalit\u00e0 ti sar\u00e0 garantita a tutti i volontari presso strutture ricettive, famiglie e studentati.<\/article>\n[\/spb_icon_box] [spb_icon_box title=&#8221;Crediti&#8221; box_type=&#8221;standard&#8221; image=&#8221;ss-bookmark&#8221; color=&#8221;icon-four&#8221; target=&#8221;_self&#8221; animation=&#8221;none&#8221; animation_delay=&#8221;0&#8243; width=&#8221;1\/4&#8243;]\n<article style=\"text-align: center;\">Al termine dell\u2019esperienza, Fondazione Malagutti onlus rilascer\u00e0 la certificazione per l\u2019ottenimento dei crediti formativi.<\/article>\n[\/spb_icon_box] [spb_icon_box title=&#8221;Staff&#8221; box_type=&#8221;standard&#8221; image=&#8221;ss-usergroup&#8221; color=&#8221;icon-three&#8221; target=&#8221;_self&#8221; animation=&#8221;none&#8221; animation_delay=&#8221;0&#8243; width=&#8221;1\/4&#8243; el_position=&#8221;last&#8221;]\n<article style=\"text-align: center;\">Ogni volontario sar\u00e0 parte integrante dello staff del Festival e ricever\u00e0 la maglietta ufficiale al\u00a0primo incontro informativo.<\/article>\n[\/spb_icon_box] [blank_spacer height=&#8221;40px&#8221; el_class=&#8221;mt0 mb0&#8243; width=&#8221;1\/1&#8243; el_position=&#8221;first last&#8221;] [\/spb_row] [spb_parallax parallax_type=&#8221;image&#8221; bg_image=&#8221;2054&#8243; bg_type=&#8221;cover&#8221; parallax_video_height=&#8221;video-height&#8221; parallax_video_overlay=&#8221;none&#8221; parallax_image_height=&#8221;content-height&#8221; parallax_image_movement=&#8221;fixed&#8221; parallax_image_speed=&#8221;0.5&#8243; padding_horizontal=&#8221;15&#8243; alt_background=&#8221;none&#8221; el_class=&#8221;mb0 mt0&#8243; width=&#8221;1\/1&#8243; el_position=&#8221;first last&#8221;]\n<h2 style=\"text-align: center;\">I RUOLI<\/h2>\n[\/spb_parallax] [spb_row wrap_type=&#8221;content-width&#8221; row_bg_type=&#8221;image&#8221; row_bg_color=&#8221;#ebfff3&#8243; bg_type=&#8221;cover&#8221; parallax_image_height=&#8221;content-height&#8221; parallax_image_movement=&#8221;fixed&#8221; parallax_image_speed=&#8221;0.5&#8243; parallax_video_height=&#8221;video-height&#8221; parallax_video_overlay=&#8221;none&#8221; row_overlay_opacity=&#8221;0&#8243; row_padding_vertical=&#8221;0&#8243; row_margin_vertical=&#8221;0&#8243; remove_element_spacing=&#8221;no&#8221; row_el_class=&#8221;mb0 mt0&#8243; width=&#8221;1\/1&#8243; el_position=&#8221;first last&#8221;] [fullwidth_text alt_background=&#8221;alt-four&#8221; el_class=&#8221;mt0 mb0&#8243; width=&#8221;1\/1&#8243; el_position=&#8221;first last&#8221;]\n<h3 style=\"text-align: center;\">Ti piacerebbe essere dei nostri?<\/h3>\n<article style=\"text-align: center;\">Qui sotto troverai diverse professionalit\u00e0 per le quali candidarti come volontario per International Children&#8217;s Rights Festival. Scegli il ruolo pi\u00f9 adatto a te e compila il form sottostante: ti ricontatteremo al pi\u00f9 presto!<\/article>\n[\/fullwidth_text] [blank_spacer height=&#8221;100px&#8221; width=&#8221;1\/1&#8243; el_position=&#8221;first last&#8221;] [spb_jobs item_count=&#8221;6&#8243; order=&#8221;rand&#8221; category=&#8221;1&#8243; pagination=&#8221;no&#8221; width=&#8221;1\/2&#8243; el_position=&#8221;first&#8221;] [spb_jobs item_count=&#8221;6&#8243; order=&#8221;rand&#8221; category=&#8221;2&#8243; pagination=&#8221;no&#8221; width=&#8221;1\/2&#8243; el_position=&#8221;last&#8221;] [blank_spacer height=&#8221;40px&#8221; el_class=&#8221;mt0 mb0&#8243; width=&#8221;1\/1&#8243; el_position=&#8221;first last&#8221;] [\/spb_row] [spb_parallax parallax_type=&#8221;image&#8221; bg_image=&#8221;2004&#8243; bg_type=&#8221;cover&#8221; parallax_video_height=&#8221;video-height&#8221; parallax_video_overlay=&#8221;none&#8221; parallax_image_height=&#8221;content-height&#8221; parallax_image_movement=&#8221;fixed&#8221; parallax_image_speed=&#8221;0.5&#8243; padding_horizontal=&#8221;15&#8243; alt_background=&#8221;none&#8221; el_class=&#8221;mt0 mb0&#8243; width=&#8221;1\/1&#8243; el_position=&#8221;first last&#8221;]\n<h2 style=\"text-align: center;\">IL FORM<\/h2>\n[\/spb_parallax] [fullwidth_text alt_background=&#8221;none&#8221; width=&#8221;1\/1&#8243; el_position=&#8221;first last&#8221;]\n<p>[contact-form-7 id=&#8221;797&#8243; title=&#8221;Application Volontari&#8221;]<\/p>\n<h4>Sei minorenne?<\/h4>\n<article><span style=\"text-decoration: underline;\"><a href=\"https:\/\/childrenfestival.fondazionemalagutti.it\/wp-content\/uploads\/2014\/11\/minorenni.pdf\" target=\"_blank\" rel=\"noopener\">Scarica il modulo <\/a><\/span>e invialo a <a href=\"ma&#105;&#x6c;&#x74;&#x6f;:i&#110;&#x66;&#x6f;&#x40;ch&#105;&#x6c;&#x64;&#x72;enf&#101;&#x73;&#x74;&#x69;va&#108;&#x2e;&#x69;&#x74;\">&#x69;&#110;f&#x6f;&#64;c&#x68;&#x69;l&#x64;&#x72;&#101;n&#x66;&#101;s&#x74;&#x69;v&#x61;&#x6c;&#46;i&#x74;<\/a><\/article>\n[\/fullwidth_text] [spb_row wrap_type=&#8221;content-width&#8221; row_bg_type=&#8221;image&#8221; row_bg_color=&#8221;#f3ffd6&#8243; bg_type=&#8221;cover&#8221; parallax_image_height=&#8221;content-height&#8221; parallax_image_movement=&#8221;fixed&#8221; parallax_image_speed=&#8221;0.5&#8243; parallax_video_height=&#8221;video-height&#8221; parallax_video_overlay=&#8221;none&#8221; row_overlay_opacity=&#8221;0&#8243; row_padding_vertical=&#8221;0&#8243; row_margin_vertical=&#8221;0&#8243; remove_element_spacing=&#8221;no&#8221; row_el_class=&#8221;mb0 mt0&#8243; width=&#8221;1\/1&#8243; el_position=&#8221;first last&#8221;] [blank_spacer height=&#8221;40px&#8221; width=&#8221;1\/1&#8243; el_position=&#8221;first last&#8221;] [clients title=&#8221;I Partners 2015&#8243; item_count=&#8221;50&#8243; category=&#8221;partner&#8221; carousel=&#8221;yes&#8221; carousel_auto=&#8221;yes&#8221; pagination=&#8221;no&#8221; width=&#8221;1\/1&#8243; el_position=&#8221;first last&#8221;] [blank_spacer height=&#8221;30px&#8221; el_class=&#8221;mt0 mb0&#8243; width=&#8221;1\/1&#8243; el_position=&#8221;first last&#8221;] [clients title=&#8221;Gli Sponsor 2015&#8243; item_count=&#8221;20&#8243; category=&#8221;sponsor&#8221; carousel=&#8221;yes&#8221; carousel_auto=&#8221;yes&#8221; pagination=&#8221;no&#8221; width=&#8221;1\/1&#8243; el_position=&#8221;first last&#8221;] [blank_spacer height=&#8221;30px&#8221; el_class=&#8221;mt0 mb0&#8243; width=&#8221;1\/1&#8243; el_position=&#8221;first last&#8221;] [\/spb_row]\n","protected":false},"excerpt":{"rendered":"<p>[spb_parallax parallax_type=&#8221;image&#8221; bg_image=&#8221;2000&#8243; bg_type=&#8221;cover&#8221; parallax_video_height=&#8221;video-height&#8221; parallax_video_overlay=&#8221;none&#8221; parallax_image_height=&#8221;content-height&#8221; parallax_image_movement=&#8221;fixed&#8221; parallax_image_speed=&#8221;0.5&#8243; padding_horizontal=&#8221;15&#8243; alt_background=&#8221;none&#8221; el_class=&#8221;mb0 mt0&#8243; width=&#8221;1\/1&#8243; el_position=&#8221;first last&#8221;] I VOLONTARI [\/spb_parallax] [fullwidth_text alt_background=&#8221;alt-four&#8221; el_class=&#8221;mt0 mb20px&#8221; width=&#8221;1\/1&#8243; el_position=&#8221;first last&#8221;] &#8216;I volontari saranno\u00a0l&#8217;anima del Festival&#8217; Vuoi far parte dello staff di\u00a0International Children&#8217;s Rights Festival? Ecco alcune informazioni utili Pazienza, affidabilit\u00e0, puntualit\u00e0 e spirito di squadra saranno le doti necessarie per svolgere al meglio questo [&hellip;]<\/p>\n","protected":false},"author":5,"featured_media":0,"parent":0,"menu_order":0,"comment_status":"open","ping_status":"open","template":"","meta":{"footnotes":""},"class_list":["post-784","page","type-page","status-publish","hentry"],"yoast_head":"<!-- This site is optimized with the Yoast SEO plugin v24.9 - https:\/\/yoast.com\/wordpress\/plugins\/seo\/ -->\r\n<title>Diventare Volontari | International Children&#039;s Rights Festival<\/title>\r\n<meta name=\"robots\" content=\"index, follow, max-snippet:-1, max-image-preview:large, max-video-preview:-1\" \/>\r\n<link rel=\"canonical\" href=\"https:\/\/childrenfestival.fondazionemalagutti.it\/?page_id=784\" \/>\r\n<meta property=\"og:locale\" content=\"it_IT\" \/>\r\n<meta property=\"og:type\" content=\"article\" \/>\r\n<meta property=\"og:title\" content=\"Diventare Volontari | International Children&#039;s Rights Festival\" \/>\r\n<meta property=\"og:description\" content=\"[spb_parallax parallax_type=&#8221;image&#8221; bg_image=&#8221;2000&#8243; bg_type=&#8221;cover&#8221; parallax_video_height=&#8221;video-height&#8221; parallax_video_overlay=&#8221;none&#8221; parallax_image_height=&#8221;content-height&#8221; parallax_image_movement=&#8221;fixed&#8221; parallax_image_speed=&#8221;0.5&#8243; padding_horizontal=&#8221;15&#8243; alt_background=&#8221;none&#8221; el_class=&#8221;mb0 mt0&#8243; width=&#8221;1\/1&#8243; el_position=&#8221;first last&#8221;] I VOLONTARI [\/spb_parallax] [fullwidth_text alt_background=&#8221;alt-four&#8221; el_class=&#8221;mt0 mb20px&#8221; width=&#8221;1\/1&#8243; el_position=&#8221;first last&#8221;] &#8216;I volontari saranno\u00a0l&#8217;anima del Festival&#8217; Vuoi far parte dello staff di\u00a0International Children&#8217;s Rights Festival? Ecco alcune informazioni utili Pazienza, affidabilit\u00e0, puntualit\u00e0 e spirito di squadra saranno le doti necessarie per svolgere al meglio questo [&hellip;]\" \/>\r\n<meta property=\"og:url\" content=\"https:\/\/childrenfestival.fondazionemalagutti.it\/?page_id=784\" \/>\r\n<meta property=\"og:site_name\" content=\"International Children&#039;s Rights Festival\" \/>\r\n<meta property=\"article:publisher\" content=\"https:\/\/www.facebook.com\/internationalchildrenfestival\" \/>\r\n<meta property=\"article:modified_time\" content=\"2022-10-27T08:53:53+00:00\" \/>\r\n<meta property=\"og:image\" content=\"https:\/\/childrenfestival.fondazionemalagutti.it\/wp-content\/uploads\/2014\/11\/Children-Festival-FB.png\" \/>\r\n\t<meta property=\"og:image:width\" content=\"1200\" \/>\r\n\t<meta property=\"og:image:height\" content=\"627\" \/>\r\n\t<meta property=\"og:image:type\" content=\"image\/png\" \/>\r\n<meta name=\"twitter:card\" content=\"summary_large_image\" \/>\r\n<meta name=\"twitter:site\" content=\"@childrenfest15\" \/>\r\n<meta name=\"twitter:label1\" content=\"Tempo di lettura stimato\" \/>\n\t<meta name=\"twitter:data1\" content=\"4 minuti\" \/>\r\n<script type=\"application\/ld+json\" class=\"yoast-schema-graph\">{\"@context\":\"https:\/\/schema.org\",\"@graph\":[{\"@type\":\"WebPage\",\"@id\":\"https:\/\/childrenfestival.fondazionemalagutti.it\/?page_id=784\",\"url\":\"https:\/\/childrenfestival.fondazionemalagutti.it\/?page_id=784\",\"name\":\"Diventare Volontari | International Children's Rights Festival\",\"isPartOf\":{\"@id\":\"https:\/\/childrenfestival.fondazionemalagutti.it\/#website\"},\"datePublished\":\"2015-01-13T14:55:55+00:00\",\"dateModified\":\"2022-10-27T08:53:53+00:00\",\"breadcrumb\":{\"@id\":\"https:\/\/childrenfestival.fondazionemalagutti.it\/?page_id=784#breadcrumb\"},\"inLanguage\":\"it-IT\",\"potentialAction\":[{\"@type\":\"ReadAction\",\"target\":[\"https:\/\/childrenfestival.fondazionemalagutti.it\/?page_id=784\"]}]},{\"@type\":\"BreadcrumbList\",\"@id\":\"https:\/\/childrenfestival.fondazionemalagutti.it\/?page_id=784#breadcrumb\",\"itemListElement\":[{\"@type\":\"ListItem\",\"position\":1,\"name\":\"Home\",\"item\":\"https:\/\/childrenfestival.fondazionemalagutti.it\/\"},{\"@type\":\"ListItem\",\"position\":2,\"name\":\"VOLONTARI\"}]},{\"@type\":\"WebSite\",\"@id\":\"https:\/\/childrenfestival.fondazionemalagutti.it\/#website\",\"url\":\"https:\/\/childrenfestival.fondazionemalagutti.it\/\",\"name\":\"International Children&#039;s Rights Festival\",\"description\":\"#pensiamoaibambini\",\"publisher\":{\"@id\":\"https:\/\/childrenfestival.fondazionemalagutti.it\/#organization\"},\"potentialAction\":[{\"@type\":\"SearchAction\",\"target\":{\"@type\":\"EntryPoint\",\"urlTemplate\":\"https:\/\/childrenfestival.fondazionemalagutti.it\/?s={search_term_string}\"},\"query-input\":{\"@type\":\"PropertyValueSpecification\",\"valueRequired\":true,\"valueName\":\"search_term_string\"}}],\"inLanguage\":\"it-IT\"},{\"@type\":\"Organization\",\"@id\":\"https:\/\/childrenfestival.fondazionemalagutti.it\/#organization\",\"name\":\"International Children's Rights Festival\",\"url\":\"https:\/\/childrenfestival.fondazionemalagutti.it\/\",\"logo\":{\"@type\":\"ImageObject\",\"inLanguage\":\"it-IT\",\"@id\":\"https:\/\/childrenfestival.fondazionemalagutti.it\/#\/schema\/logo\/image\/\",\"url\":\"https:\/\/childrenfestival.fondazionemalagutti.it\/wp-content\/uploads\/2014\/11\/Children-Festival-FB.png\",\"contentUrl\":\"https:\/\/childrenfestival.fondazionemalagutti.it\/wp-content\/uploads\/2014\/11\/Children-Festival-FB.png\",\"width\":1200,\"height\":627,\"caption\":\"International Children's Rights Festival\"},\"image\":{\"@id\":\"https:\/\/childrenfestival.fondazionemalagutti.it\/#\/schema\/logo\/image\/\"},\"sameAs\":[\"https:\/\/www.facebook.com\/internationalchildrenfestival\",\"https:\/\/x.com\/childrenfest15\",\"https:\/\/www.youtube.com\/channel\/UC3_B9BxFvNSysyDCY2hCRog\"]}]}<\/script>\r\n<!-- \/ Yoast SEO plugin. -->","yoast_head_json":{"title":"Diventare Volontari | International Children's Rights Festival","robots":{"index":"index","follow":"follow","max-snippet":"max-snippet:-1","max-image-preview":"max-image-preview:large","max-video-preview":"max-video-preview:-1"},"canonical":"https:\/\/childrenfestival.fondazionemalagutti.it\/?page_id=784","og_locale":"it_IT","og_type":"article","og_title":"Diventare Volontari | International Children's Rights Festival","og_description":"[spb_parallax parallax_type=&#8221;image&#8221; bg_image=&#8221;2000&#8243; bg_type=&#8221;cover&#8221; parallax_video_height=&#8221;video-height&#8221; parallax_video_overlay=&#8221;none&#8221; parallax_image_height=&#8221;content-height&#8221; parallax_image_movement=&#8221;fixed&#8221; parallax_image_speed=&#8221;0.5&#8243; padding_horizontal=&#8221;15&#8243; alt_background=&#8221;none&#8221; el_class=&#8221;mb0 mt0&#8243; width=&#8221;1\/1&#8243; el_position=&#8221;first last&#8221;] I VOLONTARI [\/spb_parallax] [fullwidth_text alt_background=&#8221;alt-four&#8221; el_class=&#8221;mt0 mb20px&#8221; width=&#8221;1\/1&#8243; el_position=&#8221;first last&#8221;] &#8216;I volontari saranno\u00a0l&#8217;anima del Festival&#8217; Vuoi far parte dello staff di\u00a0International Children&#8217;s Rights Festival? Ecco alcune informazioni utili Pazienza, affidabilit\u00e0, puntualit\u00e0 e spirito di squadra saranno le doti necessarie per svolgere al meglio questo [&hellip;]","og_url":"https:\/\/childrenfestival.fondazionemalagutti.it\/?page_id=784","og_site_name":"International Children&#039;s Rights Festival","article_publisher":"https:\/\/www.facebook.com\/internationalchildrenfestival","article_modified_time":"2022-10-27T08:53:53+00:00","og_image":[{"width":1200,"height":627,"url":"https:\/\/childrenfestival.fondazionemalagutti.it\/wp-content\/uploads\/2014\/11\/Children-Festival-FB.png","type":"image\/png"}],"twitter_card":"summary_large_image","twitter_site":"@childrenfest15","twitter_misc":{"Tempo di lettura stimato":"4 minuti"},"schema":{"@context":"https:\/\/schema.org","@graph":[{"@type":"WebPage","@id":"https:\/\/childrenfestival.fondazionemalagutti.it\/?page_id=784","url":"https:\/\/childrenfestival.fondazionemalagutti.it\/?page_id=784","name":"Diventare Volontari | International Children's Rights Festival","isPartOf":{"@id":"https:\/\/childrenfestival.fondazionemalagutti.it\/#website"},"datePublished":"2015-01-13T14:55:55+00:00","dateModified":"2022-10-27T08:53:53+00:00","breadcrumb":{"@id":"https:\/\/childrenfestival.fondazionemalagutti.it\/?page_id=784#breadcrumb"},"inLanguage":"it-IT","potentialAction":[{"@type":"ReadAction","target":["https:\/\/childrenfestival.fondazionemalagutti.it\/?page_id=784"]}]},{"@type":"BreadcrumbList","@id":"https:\/\/childrenfestival.fondazionemalagutti.it\/?page_id=784#breadcrumb","itemListElement":[{"@type":"ListItem","position":1,"name":"Home","item":"https:\/\/childrenfestival.fondazionemalagutti.it\/"},{"@type":"ListItem","position":2,"name":"VOLONTARI"}]},{"@type":"WebSite","@id":"https:\/\/childrenfestival.fondazionemalagutti.it\/#website","url":"https:\/\/childrenfestival.fondazionemalagutti.it\/","name":"International Children&#039;s Rights Festival","description":"#pensiamoaibambini","publisher":{"@id":"https:\/\/childrenfestival.fondazionemalagutti.it\/#organization"},"potentialAction":[{"@type":"SearchAction","target":{"@type":"EntryPoint","urlTemplate":"https:\/\/childrenfestival.fondazionemalagutti.it\/?s={search_term_string}"},"query-input":{"@type":"PropertyValueSpecification","valueRequired":true,"valueName":"search_term_string"}}],"inLanguage":"it-IT"},{"@type":"Organization","@id":"https:\/\/childrenfestival.fondazionemalagutti.it\/#organization","name":"International Children's Rights Festival","url":"https:\/\/childrenfestival.fondazionemalagutti.it\/","logo":{"@type":"ImageObject","inLanguage":"it-IT","@id":"https:\/\/childrenfestival.fondazionemalagutti.it\/#\/schema\/logo\/image\/","url":"https:\/\/childrenfestival.fondazionemalagutti.it\/wp-content\/uploads\/2014\/11\/Children-Festival-FB.png","contentUrl":"https:\/\/childrenfestival.fondazionemalagutti.it\/wp-content\/uploads\/2014\/11\/Children-Festival-FB.png","width":1200,"height":627,"caption":"International Children's Rights Festival"},"image":{"@id":"https:\/\/childrenfestival.fondazionemalagutti.it\/#\/schema\/logo\/image\/"},"sameAs":["https:\/\/www.facebook.com\/internationalchildrenfestival","https:\/\/x.com\/childrenfest15","https:\/\/www.youtube.com\/channel\/UC3_B9BxFvNSysyDCY2hCRog"]}]}},"_links":{"self":[{"href":"https:\/\/childrenfestival.fondazionemalagutti.it\/index.php?rest_route=\/wp\/v2\/pages\/784","targetHints":{"allow":["GET"]}}],"collection":[{"href":"https:\/\/childrenfestival.fondazionemalagutti.it\/index.php?rest_route=\/wp\/v2\/pages"}],"about":[{"href":"https:\/\/childrenfestival.fondazionemalagutti.it\/index.php?rest_route=\/wp\/v2\/types\/page"}],"author":[{"embeddable":true,"href":"https:\/\/childrenfestival.fondazionemalagutti.it\/index.php?rest_route=\/wp\/v2\/users\/5"}],"replies":[{"embeddable":true,"href":"https:\/\/childrenfestival.fondazionemalagutti.it\/index.php?rest_route=%2Fwp%2Fv2%2Fcomments&post=784"}],"version-history":[{"count":146,"href":"https:\/\/childrenfestival.fondazionemalagutti.it\/index.php?rest_route=\/wp\/v2\/pages\/784\/revisions"}],"predecessor-version":[{"id":6286,"href":"https:\/\/childrenfestival.fondazionemalagutti.it\/index.php?rest_route=\/wp\/v2\/pages\/784\/revisions\/6286"}],"wp:attachment":[{"href":"https:\/\/childrenfestival.fondazionemalagutti.it\/index.php?rest_route=%2Fwp%2Fv2%2Fmedia&parent=784"}],"curies":[{"name":"wp","href":"https:\/\/api.w.org\/{rel}","templated":true}]}}