{"id":40,"date":"2014-11-03T13:13:05","date_gmt":"2014-11-03T12:13:05","guid":{"rendered":"https:\/\/www.childrenfestival.it\/?page_id=40"},"modified":"2015-05-27T17:12:54","modified_gmt":"2015-05-27T15:12:54","slug":"network","status":"publish","type":"page","link":"https:\/\/childrenfestival.fondazionemalagutti.it\/?page_id=40","title":{"rendered":"Network"},"content":{"rendered":"[spb_parallax parallax_type=&#8221;image&#8221; bg_image=&#8221;2000&#8243; bg_type=&#8221;cover&#8221; parallax_video_height=&#8221;video-height&#8221; parallax_video_overlay=&#8221;none&#8221; parallax_image_height=&#8221;content-height&#8221; parallax_image_movement=&#8221;fixed&#8221; parallax_image_speed=&#8221;0.5&#8243; alt_background=&#8221;none&#8221; el_class=&#8221;mt0 mb0&#8243; width=&#8221;1\/1&#8243; el_position=&#8221;first last&#8221;]\n<h1 style=\"text-align: center;\">IL NETWORK<\/h1>\n<p style=\"text-align: center;\"><div class=\"horizontal-break\"> <\/div>\n[\/spb_parallax] [fullwidth_text alt_background=&#8221;alt-four&#8221; el_class=&#8221;mb0 mt0&#8243; width=&#8221;1\/1&#8243; el_position=&#8221;first last&#8221;]\n<h1 style=\"text-align: center; letter-spacing: 0.1em; font-size: 36px;\"><strong><span style=\"color: #000000;\"><em>&#8216;Un movimento <\/em><\/span><span style=\"color: #f48547;\"><em> per i Diritti<\/em><span style=\"color: #000000;\"><em>,<\/em><\/span><\/span><span style=\"color: #000000;\"><em> dalla parte <\/em><\/span> <span style=\"color: #26bc26;\"><em>dei bambini&#8217;<\/em><\/span><\/strong><\/h1>\n<h2 style=\"text-align: center;\">Diritti a Colori: un network per difendere il futuro di tutti.<\/h2>\n<div class=\"horizontal-break\"> <\/div>\n<h3 style=\"text-align: center;\">27 febbraio 2009<\/h3>\n<article style=\"text-align: center;\"><em>Non meravigliarti se dicono che hanno <strong><span style=\"color: #ea2a2a;\"><em> stuprato <\/em><\/span><\/strong> una bambina o <strong><span style=\"color: #ea2a2a;\"><em> violentato <\/em><\/span><\/strong> un bambino.<\/em><br \/>\n<em> Non stupirti se una bomba ha <strong><span style=\"color: #ea2a2a;\"><em> mutilato o dilaniato <\/em><\/span><\/strong> un ragazzo.<\/em><br \/>\n<em> Non sorprenderti se ci\u00f2 che indossi proviene dallo <strong><span style=\"color: #ea2a2a;\"><em> sfruttamento <\/em><\/span><\/strong> del lavoro minorile.<\/em><br \/>\n<em> Pensa ai tuoi figli, a tuo fratello o a tua sorella, pensa al bambino della porta accanto;<\/em><\/article>\n<article style=\"text-align: center;\"><em>potrebbero essere anche loro le <strong><span style=\"color: #ea2a2a;\"><em> vittime <\/em><\/span><\/strong> di queste <strong><span style=\"color: #ea2a2a;\"><em> ingiustizie <\/em><\/span><\/strong>.<\/em><br \/>\n<div class=\"horizontal-break\"> <\/div>&nbsp;<\/p>\n<h3 style=\"text-align: center;\"><em> <strong><span style=\"color: #ea2a2a;\"> Se non vuoi <\/span><\/strong> <strong><span style=\"color: #067dc6;\"> che il dolore uccida chi ami, <\/span><\/strong> <strong><span style=\"color: #f48547;\"> fai qualcosa: <\/span><\/strong><strong><span style=\"color: #26bc26;\"> difendi i loro Diritti. <\/span><\/strong><\/em><\/h3>\n<\/article>\n[\/fullwidth_text] [spb_row wrap_type=&#8221;content-width&#8221; row_bg_color=&#8221;#fffcde&#8221; parallax_type=&#8221;color&#8221; bg_type=&#8221;cover&#8221; parallax_video_height=&#8221;video-height&#8221; parallax_video_overlay=&#8221;none&#8221; parallax_image_height=&#8221;content-height&#8221; parallax_image_movement=&#8221;fixed&#8221; parallax_image_speed=&#8221;0.5&#8243; row_overlay_opacity=&#8221;0&#8243; row_padding_vertical=&#8221;0&#8243; row_margin_vertical=&#8221;0&#8243; remove_element_spacing=&#8221;no&#8221; row_el_class=&#8221;mt0 mb0&#8243; width=&#8221;1\/1&#8243; el_position=&#8221;first last&#8221;] [blank_spacer height=&#8221;60px&#8221; width=&#8221;1\/1&#8243; el_position=&#8221;first last&#8221;] [spb_icon_box title=&#8221;Il Network&#8221; box_type=&#8221;standard&#8221; image=&#8221;ss-pixels&#8221; color=&#8221;icon-one&#8221; target=&#8221;_self&#8221; animation=&#8221;none&#8221; animation_delay=&#8221;0&#8243; width=&#8221;1\/3&#8243; el_position=&#8221;first&#8221;]\n<article>Nasce dall\u2019esigenza di migliorare alcuni aspetti fondamentali della nostra societ\u00e0 che ruotano intorno al mondo dei bambini e al diritto che essi hanno di vivere e di evolversi con la speranza di mettere in atto un cambiamento positivo.<\/article>\n[\/spb_icon_box] [spb_icon_box title=&#8221;I Diritti&#8221; box_type=&#8221;standard&#8221; image=&#8221;fa-child&#8221; color=&#8221;icon-two&#8221; target=&#8221;_self&#8221; animation=&#8221;none&#8221; animation_delay=&#8221;0&#8243; width=&#8221;1\/3&#8243;]\n<article>Se non vengono rispettati, danno vita ad un trauma pu\u00f2 contagiare altri minori, creando delle ferite difficilmente rimarginabili.<br \/>\nDiritti per\u00a0i bambini del Mondo, diritti inalienabili, diritti che hanno bisogno di noi adulti per essere rispettati.<\/article>\n[\/spb_icon_box] [spb_icon_box title=&#8221;La partecipazione&#8221; box_type=&#8221;standard&#8221; image=&#8221;fa-puzzle-piece&#8221; color=&#8221;icon-three&#8221; target=&#8221;_self&#8221; animation=&#8221;none&#8221; animation_delay=&#8221;0&#8243; width=&#8221;1\/3&#8243; el_position=&#8221;last&#8221;]\n<article>Far parte del\u00a0 Movimento di \u201cDiritti a Colori\u201d significa perseguire il medesimo scopo educativo, ricco di innumerevoli sfumature e importanti peculiarit\u00e0, che solo attraverso una societ\u00e0 sana e giusta \u00e8 possibile donare ai bambini di tutto il mondo.<\/article>\n[\/spb_icon_box] [blank_spacer height=&#8221;80px&#8221; width=&#8221;1\/1&#8243; el_position=&#8221;first last&#8221;] [\/spb_row] [spb_row wrap_type=&#8221;content-width&#8221; parallax_type=&#8221;color&#8221; bg_type=&#8221;cover&#8221; parallax_video_height=&#8221;video-height&#8221; parallax_video_overlay=&#8221;none&#8221; parallax_image_height=&#8221;content-height&#8221; parallax_image_movement=&#8221;fixed&#8221; parallax_image_speed=&#8221;0.5&#8243; row_overlay_opacity=&#8221;0&#8243; row_padding_vertical=&#8221;0&#8243; row_margin_vertical=&#8221;0&#8243; remove_element_spacing=&#8221;no&#8221; row_el_class=&#8221;mt0 mb0&#8243; width=&#8221;1\/1&#8243; el_position=&#8221;first last&#8221;] [blank_spacer height=&#8221;80px&#8221; width=&#8221;1\/1&#8243; el_position=&#8221;first last&#8221;] [spb_text_block pb_margin_bottom=&#8221;no&#8221; pb_border_bottom=&#8221;no&#8221; el_class=&#8221;mt0 mb0&#8243; width=&#8221;1\/1&#8243; el_position=&#8221;first last&#8221;]\n<h3 style=\"text-align: center;\">Condividere e promuovere l\u2019ideologia del Manifesto in sinergia con azioni concrete volte a difendere i Diritti dei minori e salvaguardare la loro salute.<\/h3>\n<p>&nbsp;<\/p>\n<p style=\"text-align: center;\"><a class=\"sf-button large accent sf-icon-stroke \" href=\"https:\/\/childrenfestival.fondazionemalagutti.it\/wp-content\/uploads\/2014\/11\/manifesto-diritti-a-colori.pdf\" target=\"_blank\"><i class=\"ss-rainbow\"><\/i><span class=\"text\">LEGGI IL MANIFESTO<\/span><\/a><\/p>\n[\/spb_text_block] [blank_spacer height=&#8221;40px&#8221; width=&#8221;1\/1&#8243; el_position=&#8221;first last&#8221;] [\/spb_row] [spb_parallax parallax_type=&#8221;image&#8221; bg_image=&#8221;2054&#8243; bg_type=&#8221;cover&#8221; parallax_video_height=&#8221;video-height&#8221; parallax_video_overlay=&#8221;none&#8221; parallax_image_height=&#8221;content-height&#8221; parallax_image_movement=&#8221;fixed&#8221; parallax_image_speed=&#8221;0.5&#8243; alt_background=&#8221;none&#8221; el_class=&#8221;mb0 mt0&#8243; width=&#8221;1\/1&#8243; el_position=&#8221;first last&#8221;]\n<h2 style=\"text-align: center;\">Perch\u00e8 entrare a far parte del network?<\/h2>\n[\/spb_parallax] [spb_row wrap_type=&#8221;content-width&#8221; row_bg_color=&#8221;#ebfff0&#8243; parallax_type=&#8221;color&#8221; bg_type=&#8221;cover&#8221; parallax_video_height=&#8221;video-height&#8221; parallax_video_overlay=&#8221;none&#8221; parallax_image_height=&#8221;content-height&#8221; parallax_image_movement=&#8221;fixed&#8221; parallax_image_speed=&#8221;0.5&#8243; row_overlay_opacity=&#8221;0&#8243; row_padding_vertical=&#8221;0&#8243; row_margin_vertical=&#8221;0&#8243; remove_element_spacing=&#8221;no&#8221; row_el_class=&#8221;mb0 mt0&#8243; width=&#8221;1\/1&#8243; el_position=&#8221;first last&#8221;] [blank_spacer height=&#8221;20px&#8221; el_class=&#8221;mt0 mb0&#8243; width=&#8221;1\/1&#8243; el_position=&#8221;first last&#8221;] [fullwidth_text alt_background=&#8221;none&#8221; width=&#8221;1\/1&#8243; el_position=&#8221;first last&#8221;]\n<div class=\"one_third\">\n<div class=\"sf-icon-box sf-icon-box-boxed-two sf-animation sf-icon-\" data-animation=\"pop-up\" data-delay=\"0\"><div class=\"sf-icon-box-content-wrap clearfix\"><span class=\"sf-icon-character sf-icon sf-icon-float-none sf-icon-medium sf-icon-\">1<\/span><h3>Perseguire<\/h3><div class=\"sf-icon-box-content\"><br \/>\nLo\u00a0scopo educativo di \u201cDiritti a Colori\u201d, ricco di innumerevoli sfumature che solo una societ\u00e0 giusta \u00e8 in grado di donare.<br \/>\n<\/div><\/div><\/div>\n<\/div>\n<div class=\"one_third\">\n<div class=\"sf-icon-box sf-icon-box-boxed-two sf-animation sf-icon-\" data-animation=\"pop-up\" data-delay=\"200\"><div class=\"sf-icon-box-content-wrap clearfix\"><span class=\"sf-icon-character sf-icon sf-icon-float-none sf-icon-medium sf-icon-\">2<\/span><h3>Promuovere<\/h3><div class=\"sf-icon-box-content\"><br \/>\nIniziative a sostegno dei Diritti dei bambini, alla promozione della loro Salute e del loro sviluppo intellettivo e personale.<br \/>\n<\/div><\/div><\/div>\n<\/div>\n<div class=\"one_third last\">\n<div class=\"sf-icon-box sf-icon-box-boxed-two sf-animation sf-icon-\" data-animation=\"pop-up\" data-delay=\"400\"><div class=\"sf-icon-box-content-wrap clearfix\"><span class=\"sf-icon-character sf-icon sf-icon-float-none sf-icon-medium sf-icon-\">3<\/span><h3>Sostenere<\/h3><div class=\"sf-icon-box-content\"><br \/>\nIl ruolo della famiglia, unit\u00e0 fondamentale\u00a0dell&#8217;educazione e della crescita, favorendo la volont\u00e0 di autodeterminazione.<br \/>\n<\/div><\/div><\/div><br \/>\n<\/div><div class=\"clearboth\"><\/div>\n<div class=\"one_third\">\n<p><div class=\"sf-icon-box sf-icon-box-boxed-two sf-animation sf-icon-\" data-animation=\"pop-up\" data-delay=\"600\"><div class=\"sf-icon-box-content-wrap clearfix\"><span class=\"sf-icon-character sf-icon sf-icon-float-none sf-icon-medium sf-icon-\">4<\/span><h3>Stimolare<\/h3><div class=\"sf-icon-box-content\"><br \/>\nL&#8217;intera collettivit\u00e0, affinch\u00e8 si senta responsabile dell\u2019importanza di tutelare i bambini e il futuro di tutti noi.<\/p>\n<p><\/div><\/div><\/div><br \/>\n<\/div>\n<div class=\"one_third\">\n<div class=\"sf-icon-box sf-icon-box-boxed-two sf-animation sf-icon-\" data-animation=\"pop-up\" data-delay=\"800\"><div class=\"sf-icon-box-content-wrap clearfix\"><span class=\"sf-icon-character sf-icon sf-icon-float-none sf-icon-medium sf-icon-\">5<\/span><h3>Combattere<\/h3><div class=\"sf-icon-box-content\"><br \/>\nLe sopraffazioni e le discriminazioni unendo forze e idee per dare vita ad una prospettiva di\u00a0cambiamento.<br \/>\n<\/div><\/div><\/div><br \/>\n<\/div>\n<div class=\"one_third last\">\n<div class=\"sf-icon-box sf-icon-box-boxed-two sf-animation sf-icon-\" data-animation=\"pop-up\" data-delay=\"1000\"><div class=\"sf-icon-box-content-wrap clearfix\"><span class=\"sf-icon-character sf-icon sf-icon-float-none sf-icon-medium sf-icon-\">6<\/span><h3>Realizzare<\/h3><div class=\"sf-icon-box-content\"><br \/>\nAzioni concrete a favore dei bambini, realizzando progetti e attivit\u00e0 che generino valore per la tutela dei loro Diritti.<\/p>\n<p><\/div><\/div><\/div><br \/>\n<\/div><div class=\"clearboth\"><\/div>\n<p>&nbsp;<\/p>\n[\/fullwidth_text] [blank_spacer height=&#8221;20px&#8221; el_class=&#8221;mt0 mb0&#8243; width=&#8221;1\/1&#8243; el_position=&#8221;first last&#8221;] [\/spb_row] [spb_parallax parallax_type=&#8221;image&#8221; bg_image=&#8221;2004&#8243; bg_type=&#8221;cover&#8221; parallax_video_height=&#8221;video-height&#8221; parallax_video_overlay=&#8221;none&#8221; parallax_image_height=&#8221;content-height&#8221; parallax_image_movement=&#8221;fixed&#8221; parallax_image_speed=&#8221;0.5&#8243; alt_background=&#8221;none&#8221; el_class=&#8221;mt0 mb0&#8243; width=&#8221;1\/1&#8243; el_position=&#8221;first last&#8221;]\n<h2 style=\"text-align: center;\">Diventa parte del network!<\/h2>\n[\/spb_parallax] [blank_spacer height=&#8221;80px&#8221; width=&#8221;1\/1&#8243; el_position=&#8221;first last&#8221;] [spb_text_block title=&#8221;Invia una richiesta&#8221; pb_margin_bottom=&#8221;no&#8221; pb_border_bottom=&#8221;no&#8221; width=&#8221;2\/3&#8243; el_position=&#8221;first&#8221;]\n<p>[contact-form-7 id=&#8221;6&#8243; title=&#8221;Modulo di contatto 1&#8243;]<\/p>\n[\/spb_text_block] [spb_text_block pb_margin_bottom=&#8221;no&#8221; pb_border_bottom=&#8221;no&#8221; width=&#8221;1\/3&#8243; el_position=&#8221;last&#8221;]\n<h2>Come aderire<\/h2>\n<article>Per entrare a far parte del network, gli aderenti dovranno firmare una accordo di partnership con Fondazione Malagutti onlus,con cui dichiarano di accogliere il Manifesto del \u201cMovimento Internazionale per il rispetto dei Diritti dell\u2019Infanzia\u201d impegnandosi a divulgarlo e diffonderlo.<br \/>\nPer maggiori informazioni, contattare lo staff di \u201cDiritti a Colori\u201d.<\/article>\n<p style=\"text-align: center;\"><div class=\"horizontal-break\"> <\/div>\n<h3 class=\"mt0\">Diritti a Colori<\/h3>\n<h4>Contatti<\/h4>\n<p>Fondazione Malagutti Onlus<br \/>\nVia dei Toscani, 8<br \/>\n46010 &#8211; Curtatone (MN)<\/p>\n<p><strong>Email:<\/strong> <a href=\"m&#x61;i&#108;&#x74;o&#58;&#x69;n&#102;&#x6f;&#64;&#100;&#x69;r&#x69;&#x74;t&#x69;&#x61;c&#x6f;l&#111;&#x72;i&#46;&#x69;t\">&#x69;&#x6e;&#102;o&#64;&#x64;&#x69;&#x72;&#105;tt&#x69;&#x61;&#x63;&#111;lo&#x72;&#x69;&#x2e;&#105;t<\/a><br \/>\n<strong>Web:<\/strong> <a title=\"Diritti A Colori\" href=\"http:\/\/www.dirittiacolori.it\">www.dirittiacolori.it<\/a><a href=\"https:\/\/twitter.com\/dirittiacolori\" target=\"_blank\"><br \/>\n<\/a><strong>Phone:<\/strong> +39\u00a0037649951<br \/>\n<strong>Fax:<\/strong> +39\u00a0037649469<\/p>\n[\/spb_text_block] [blank_spacer height=&#8221;80px&#8221; width=&#8221;1\/1&#8243; el_position=&#8221;first last&#8221;] [spb_row wrap_type=&#8221;content-width&#8221; row_bg_color=&#8221;#f3ffd6&#8243; parallax_type=&#8221;color&#8221; bg_type=&#8221;cover&#8221; parallax_video_height=&#8221;video-height&#8221; parallax_video_overlay=&#8221;none&#8221; parallax_image_height=&#8221;content-height&#8221; parallax_image_movement=&#8221;fixed&#8221; parallax_image_speed=&#8221;0.5&#8243; row_overlay_opacity=&#8221;0&#8243; row_padding_vertical=&#8221;0&#8243; row_margin_vertical=&#8221;0&#8243; remove_element_spacing=&#8221;no&#8221; row_el_class=&#8221;mt0 mb0&#8243; width=&#8221;1\/1&#8243; el_position=&#8221;first last&#8221;] [blank_spacer height=&#8221;40px&#8221; width=&#8221;1\/1&#8243; el_position=&#8221;first last&#8221;] [clients title=&#8221;Aderenti&#8221; item_count=&#8221;50&#8243; category=&#8221;aderenti&#8221; carousel=&#8221;yes&#8221; carousel_auto=&#8221;yes&#8221; pagination=&#8221;no&#8221; width=&#8221;1\/1&#8243; el_position=&#8221;first last&#8221;] [blank_spacer height=&#8221;30px&#8221; width=&#8221;1\/1&#8243; el_position=&#8221;first last&#8221;] [\/spb_row]\n","protected":false},"excerpt":{"rendered":"<p>[spb_parallax parallax_type=&#8221;image&#8221; bg_image=&#8221;2000&#8243; bg_type=&#8221;cover&#8221; parallax_video_height=&#8221;video-height&#8221; parallax_video_overlay=&#8221;none&#8221; parallax_image_height=&#8221;content-height&#8221; parallax_image_movement=&#8221;fixed&#8221; parallax_image_speed=&#8221;0.5&#8243; alt_background=&#8221;none&#8221; el_class=&#8221;mt0 mb0&#8243; width=&#8221;1\/1&#8243; el_position=&#8221;first last&#8221;] IL NETWORK [\/spb_parallax] [fullwidth_text alt_background=&#8221;alt-four&#8221; el_class=&#8221;mb0 mt0&#8243; width=&#8221;1\/1&#8243; el_position=&#8221;first last&#8221;] &#8216;Un movimento per i Diritti, dalla parte dei bambini&#8217; Diritti a Colori: un network per difendere il futuro di tutti. 27 febbraio 2009 Non meravigliarti se dicono che hanno stuprato una bambina o violentato un [&hellip;]<\/p>\n","protected":false},"author":5,"featured_media":0,"parent":0,"menu_order":0,"comment_status":"open","ping_status":"open","template":"","meta":{"footnotes":""},"class_list":["post-40","page","type-page","status-publish","hentry"],"yoast_head":"<!-- This site is optimized with the Yoast SEO plugin v24.9 - https:\/\/yoast.com\/wordpress\/plugins\/seo\/ -->\r\n<title>Network - International Children&#039;s Rights Festival<\/title>\r\n<meta name=\"robots\" content=\"index, follow, max-snippet:-1, max-image-preview:large, max-video-preview:-1\" \/>\r\n<link rel=\"canonical\" href=\"https:\/\/childrenfestival.fondazionemalagutti.it\/?page_id=40\" \/>\r\n<meta property=\"og:locale\" content=\"it_IT\" \/>\r\n<meta property=\"og:type\" content=\"article\" \/>\r\n<meta property=\"og:title\" content=\"Network - International Children&#039;s Rights Festival\" \/>\r\n<meta property=\"og:description\" content=\"[spb_parallax parallax_type=&#8221;image&#8221; bg_image=&#8221;2000&#8243; bg_type=&#8221;cover&#8221; parallax_video_height=&#8221;video-height&#8221; parallax_video_overlay=&#8221;none&#8221; parallax_image_height=&#8221;content-height&#8221; parallax_image_movement=&#8221;fixed&#8221; parallax_image_speed=&#8221;0.5&#8243; alt_background=&#8221;none&#8221; el_class=&#8221;mt0 mb0&#8243; width=&#8221;1\/1&#8243; el_position=&#8221;first last&#8221;] IL NETWORK [\/spb_parallax] [fullwidth_text alt_background=&#8221;alt-four&#8221; el_class=&#8221;mb0 mt0&#8243; width=&#8221;1\/1&#8243; el_position=&#8221;first last&#8221;] &#8216;Un movimento per i Diritti, dalla parte dei bambini&#8217; Diritti a Colori: un network per difendere il futuro di tutti. 27 febbraio 2009 Non meravigliarti se dicono che hanno stuprato una bambina o violentato un [&hellip;]\" \/>\r\n<meta property=\"og:url\" content=\"https:\/\/childrenfestival.fondazionemalagutti.it\/?page_id=40\" \/>\r\n<meta property=\"og:site_name\" content=\"International Children&#039;s Rights Festival\" \/>\r\n<meta property=\"article:publisher\" content=\"https:\/\/www.facebook.com\/internationalchildrenfestival\" \/>\r\n<meta property=\"article:modified_time\" content=\"2015-05-27T15:12:54+00:00\" \/>\r\n<meta property=\"og:image\" content=\"https:\/\/childrenfestival.fondazionemalagutti.it\/wp-content\/uploads\/2014\/11\/Children-Festival-FB.png\" \/>\r\n\t<meta property=\"og:image:width\" content=\"1200\" \/>\r\n\t<meta property=\"og:image:height\" content=\"627\" \/>\r\n\t<meta property=\"og:image:type\" content=\"image\/png\" \/>\r\n<meta name=\"twitter:card\" content=\"summary_large_image\" \/>\r\n<meta name=\"twitter:site\" content=\"@childrenfest15\" \/>\r\n<meta name=\"twitter:label1\" content=\"Tempo di lettura stimato\" \/>\n\t<meta name=\"twitter:data1\" content=\"6 minuti\" \/>\r\n<script type=\"application\/ld+json\" class=\"yoast-schema-graph\">{\"@context\":\"https:\/\/schema.org\",\"@graph\":[{\"@type\":\"WebPage\",\"@id\":\"https:\/\/childrenfestival.fondazionemalagutti.it\/?page_id=40\",\"url\":\"https:\/\/childrenfestival.fondazionemalagutti.it\/?page_id=40\",\"name\":\"Network - International Children&#039;s Rights Festival\",\"isPartOf\":{\"@id\":\"https:\/\/childrenfestival.fondazionemalagutti.it\/#website\"},\"datePublished\":\"2014-11-03T12:13:05+00:00\",\"dateModified\":\"2015-05-27T15:12:54+00:00\",\"breadcrumb\":{\"@id\":\"https:\/\/childrenfestival.fondazionemalagutti.it\/?page_id=40#breadcrumb\"},\"inLanguage\":\"it-IT\",\"potentialAction\":[{\"@type\":\"ReadAction\",\"target\":[\"https:\/\/childrenfestival.fondazionemalagutti.it\/?page_id=40\"]}]},{\"@type\":\"BreadcrumbList\",\"@id\":\"https:\/\/childrenfestival.fondazionemalagutti.it\/?page_id=40#breadcrumb\",\"itemListElement\":[{\"@type\":\"ListItem\",\"position\":1,\"name\":\"Home\",\"item\":\"https:\/\/childrenfestival.fondazionemalagutti.it\/\"},{\"@type\":\"ListItem\",\"position\":2,\"name\":\"Network\"}]},{\"@type\":\"WebSite\",\"@id\":\"https:\/\/childrenfestival.fondazionemalagutti.it\/#website\",\"url\":\"https:\/\/childrenfestival.fondazionemalagutti.it\/\",\"name\":\"International Children&#039;s Rights Festival\",\"description\":\"#pensiamoaibambini\",\"publisher\":{\"@id\":\"https:\/\/childrenfestival.fondazionemalagutti.it\/#organization\"},\"potentialAction\":[{\"@type\":\"SearchAction\",\"target\":{\"@type\":\"EntryPoint\",\"urlTemplate\":\"https:\/\/childrenfestival.fondazionemalagutti.it\/?s={search_term_string}\"},\"query-input\":{\"@type\":\"PropertyValueSpecification\",\"valueRequired\":true,\"valueName\":\"search_term_string\"}}],\"inLanguage\":\"it-IT\"},{\"@type\":\"Organization\",\"@id\":\"https:\/\/childrenfestival.fondazionemalagutti.it\/#organization\",\"name\":\"International Children's Rights Festival\",\"url\":\"https:\/\/childrenfestival.fondazionemalagutti.it\/\",\"logo\":{\"@type\":\"ImageObject\",\"inLanguage\":\"it-IT\",\"@id\":\"https:\/\/childrenfestival.fondazionemalagutti.it\/#\/schema\/logo\/image\/\",\"url\":\"https:\/\/childrenfestival.fondazionemalagutti.it\/wp-content\/uploads\/2014\/11\/Children-Festival-FB.png\",\"contentUrl\":\"https:\/\/childrenfestival.fondazionemalagutti.it\/wp-content\/uploads\/2014\/11\/Children-Festival-FB.png\",\"width\":1200,\"height\":627,\"caption\":\"International Children's Rights Festival\"},\"image\":{\"@id\":\"https:\/\/childrenfestival.fondazionemalagutti.it\/#\/schema\/logo\/image\/\"},\"sameAs\":[\"https:\/\/www.facebook.com\/internationalchildrenfestival\",\"https:\/\/x.com\/childrenfest15\",\"https:\/\/www.youtube.com\/channel\/UC3_B9BxFvNSysyDCY2hCRog\"]}]}<\/script>\r\n<!-- \/ Yoast SEO plugin. -->","yoast_head_json":{"title":"Network - International Children&#039;s Rights Festival","robots":{"index":"index","follow":"follow","max-snippet":"max-snippet:-1","max-image-preview":"max-image-preview:large","max-video-preview":"max-video-preview:-1"},"canonical":"https:\/\/childrenfestival.fondazionemalagutti.it\/?page_id=40","og_locale":"it_IT","og_type":"article","og_title":"Network - International Children&#039;s Rights Festival","og_description":"[spb_parallax parallax_type=&#8221;image&#8221; bg_image=&#8221;2000&#8243; bg_type=&#8221;cover&#8221; parallax_video_height=&#8221;video-height&#8221; parallax_video_overlay=&#8221;none&#8221; parallax_image_height=&#8221;content-height&#8221; parallax_image_movement=&#8221;fixed&#8221; parallax_image_speed=&#8221;0.5&#8243; alt_background=&#8221;none&#8221; el_class=&#8221;mt0 mb0&#8243; width=&#8221;1\/1&#8243; el_position=&#8221;first last&#8221;] IL NETWORK [\/spb_parallax] [fullwidth_text alt_background=&#8221;alt-four&#8221; el_class=&#8221;mb0 mt0&#8243; width=&#8221;1\/1&#8243; el_position=&#8221;first last&#8221;] &#8216;Un movimento per i Diritti, dalla parte dei bambini&#8217; Diritti a Colori: un network per difendere il futuro di tutti. 27 febbraio 2009 Non meravigliarti se dicono che hanno stuprato una bambina o violentato un [&hellip;]","og_url":"https:\/\/childrenfestival.fondazionemalagutti.it\/?page_id=40","og_site_name":"International Children&#039;s Rights Festival","article_publisher":"https:\/\/www.facebook.com\/internationalchildrenfestival","article_modified_time":"2015-05-27T15:12:54+00:00","og_image":[{"width":1200,"height":627,"url":"https:\/\/childrenfestival.fondazionemalagutti.it\/wp-content\/uploads\/2014\/11\/Children-Festival-FB.png","type":"image\/png"}],"twitter_card":"summary_large_image","twitter_site":"@childrenfest15","twitter_misc":{"Tempo di lettura stimato":"6 minuti"},"schema":{"@context":"https:\/\/schema.org","@graph":[{"@type":"WebPage","@id":"https:\/\/childrenfestival.fondazionemalagutti.it\/?page_id=40","url":"https:\/\/childrenfestival.fondazionemalagutti.it\/?page_id=40","name":"Network - International Children&#039;s Rights Festival","isPartOf":{"@id":"https:\/\/childrenfestival.fondazionemalagutti.it\/#website"},"datePublished":"2014-11-03T12:13:05+00:00","dateModified":"2015-05-27T15:12:54+00:00","breadcrumb":{"@id":"https:\/\/childrenfestival.fondazionemalagutti.it\/?page_id=40#breadcrumb"},"inLanguage":"it-IT","potentialAction":[{"@type":"ReadAction","target":["https:\/\/childrenfestival.fondazionemalagutti.it\/?page_id=40"]}]},{"@type":"BreadcrumbList","@id":"https:\/\/childrenfestival.fondazionemalagutti.it\/?page_id=40#breadcrumb","itemListElement":[{"@type":"ListItem","position":1,"name":"Home","item":"https:\/\/childrenfestival.fondazionemalagutti.it\/"},{"@type":"ListItem","position":2,"name":"Network"}]},{"@type":"WebSite","@id":"https:\/\/childrenfestival.fondazionemalagutti.it\/#website","url":"https:\/\/childrenfestival.fondazionemalagutti.it\/","name":"International Children&#039;s Rights Festival","description":"#pensiamoaibambini","publisher":{"@id":"https:\/\/childrenfestival.fondazionemalagutti.it\/#organization"},"potentialAction":[{"@type":"SearchAction","target":{"@type":"EntryPoint","urlTemplate":"https:\/\/childrenfestival.fondazionemalagutti.it\/?s={search_term_string}"},"query-input":{"@type":"PropertyValueSpecification","valueRequired":true,"valueName":"search_term_string"}}],"inLanguage":"it-IT"},{"@type":"Organization","@id":"https:\/\/childrenfestival.fondazionemalagutti.it\/#organization","name":"International Children's Rights Festival","url":"https:\/\/childrenfestival.fondazionemalagutti.it\/","logo":{"@type":"ImageObject","inLanguage":"it-IT","@id":"https:\/\/childrenfestival.fondazionemalagutti.it\/#\/schema\/logo\/image\/","url":"https:\/\/childrenfestival.fondazionemalagutti.it\/wp-content\/uploads\/2014\/11\/Children-Festival-FB.png","contentUrl":"https:\/\/childrenfestival.fondazionemalagutti.it\/wp-content\/uploads\/2014\/11\/Children-Festival-FB.png","width":1200,"height":627,"caption":"International Children's Rights Festival"},"image":{"@id":"https:\/\/childrenfestival.fondazionemalagutti.it\/#\/schema\/logo\/image\/"},"sameAs":["https:\/\/www.facebook.com\/internationalchildrenfestival","https:\/\/x.com\/childrenfest15","https:\/\/www.youtube.com\/channel\/UC3_B9BxFvNSysyDCY2hCRog"]}]}},"_links":{"self":[{"href":"https:\/\/childrenfestival.fondazionemalagutti.it\/index.php?rest_route=\/wp\/v2\/pages\/40","targetHints":{"allow":["GET"]}}],"collection":[{"href":"https:\/\/childrenfestival.fondazionemalagutti.it\/index.php?rest_route=\/wp\/v2\/pages"}],"about":[{"href":"https:\/\/childrenfestival.fondazionemalagutti.it\/index.php?rest_route=\/wp\/v2\/types\/page"}],"author":[{"embeddable":true,"href":"https:\/\/childrenfestival.fondazionemalagutti.it\/index.php?rest_route=\/wp\/v2\/users\/5"}],"replies":[{"embeddable":true,"href":"https:\/\/childrenfestival.fondazionemalagutti.it\/index.php?rest_route=%2Fwp%2Fv2%2Fcomments&post=40"}],"version-history":[{"count":96,"href":"https:\/\/childrenfestival.fondazionemalagutti.it\/index.php?rest_route=\/wp\/v2\/pages\/40\/revisions"}],"predecessor-version":[{"id":3892,"href":"https:\/\/childrenfestival.fondazionemalagutti.it\/index.php?rest_route=\/wp\/v2\/pages\/40\/revisions\/3892"}],"wp:attachment":[{"href":"https:\/\/childrenfestival.fondazionemalagutti.it\/index.php?rest_route=%2Fwp%2Fv2%2Fmedia&parent=40"}],"curies":[{"name":"wp","href":"https:\/\/api.w.org\/{rel}","templated":true}]}}